{"id":402,"date":"2012-09-12T18:54:07","date_gmt":"2012-09-12T18:54:07","guid":{"rendered":"http:\/\/este.ee\/?page_id=402"},"modified":"2013-06-03T21:34:14","modified_gmt":"2013-06-03T21:34:14","slug":"teabepaev","status":"publish","type":"page","link":"https:\/\/este.ee\/ru\/teabepaev\/","title":{"rendered":"Teabep\u00e4ev"},"content":{"rendered":"<p><strong><a href=\"https:\/\/este.ee\/wp-content\/uploads\/2012\/09\/kirja-jalus.jpg\"><img loading=\"lazy\" decoding=\"async\" class=\"size-medium wp-image-476 alignleft\" title=\"kirja jalus\" src=\"https:\/\/este.ee\/wp-content\/uploads\/2012\/09\/kirja-jalus-300x32.jpg\" alt=\"\" width=\"313\" height=\"33\" srcset=\"https:\/\/este.ee\/wp-content\/uploads\/2012\/09\/kirja-jalus-300x32.jpg 300w, https:\/\/este.ee\/wp-content\/uploads\/2012\/09\/kirja-jalus.jpg 464w\" sizes=\"(max-width: 313px) 100vw, 313px\" \/><\/a><\/strong><\/p>\n<h2 style=\"text-align: left;\"><\/h2>\n<h1 style=\"text-align: left;\"><strong>&#171;T\u00f6\u00f6keskkond kiidab tegijat!&#187;<\/strong><\/h1>\n<h2 style=\"text-align: left;\"><strong><\/strong>14. november 2012 toimus t\u00f6\u00f6ohutuse, ergonoomia ja t\u00f6\u00f6ps\u00fchholoogia alane Teabep\u00e4ev juhtidele.<\/h2>\n<p>ESTE Teabep\u00e4ev andis \u00fclevaate t\u00f6\u00f6ohutuse, ergonoomia ja t\u00f6\u00f6ps\u00fchholoogia valdkonnas nii seadusandlikust kui elluviivast j\u00f5ust ja\u00a0t\u00f6\u00f6keskkonna hetkeseisust Eestis.\u00a0 Toodi v\u00e4lja v\u00f5imalusi ning lahendusi ohutu ja tervisliku t\u00f6\u00f6keskkonna loomiseks ja tagamiseks.<\/p>\n<p>Teabep\u00e4eval selgitati, mida saab ettev\u00f5te teha selleks, et t\u00f6\u00f6keskkond oleks turvaline, inimeste vajadusi arvestav ning toetav.<br \/>\nEsinesid oma ala parimaid praktikud, t\u00f6\u00f6keskkonna ja t\u00f6\u00f6ps\u00fchholoogia spetsialistid k\u00f5rgkoolidest, ettev\u00f5tetest ja avalikust sektorist.<br \/>\n<span style=\"text-decoration: underline;\">Teabep\u00e4eva korraldaja\u00a0 ESTE O\u00dc on ainus ettev\u00f5te Eestis, kellel on \u00f5igus osutada k\u00f5iki mittemeditsiinilisi t\u00f6\u00f6tervishoiuteenuseid (registreering 0027\/0031)<\/span><\/p>\n<p>Mis toimus:<br \/>\no\u00a0\u00a0 \u00a0ESTE Teabep\u00e4ev \u201c <strong>T\u00f6\u00f6keskkond kiidab Tegijat<\/strong>\u201d<br \/>\nMillal\u00a0 toimus:<br \/>\no\u00a0\u00a0 \u00a014. November 2012, kell 9.30 \u2013 16.00<br \/>\nKus toimus:<br \/>\no\u00a0\u00a0\u00a0 Meriton Grand Conference &amp; Spa hotelli konverentsisaalis Peterson II<br \/>\nKes osalesid:<br \/>\no\u00a0\u00a0\u00a0 Teabep\u00e4evale olid oodatud ettev\u00f5tte juhtd, personalit\u00f6\u00f6tajad ja t\u00f6\u00f6keskkonnaspetsialistid.<br \/>\nKes teabep\u00e4eval esinesid:<br \/>\no\u00a0\u00a0 \u00a0Teabep\u00e4eva moderaator; T\u00f6\u00f6inspektsiooni teabeosakonna juhataja Andres Kraas.<br \/>\nKasulikke m\u00f5tteid jagasid ESTE t\u00f6\u00f6ergonoomik Sirje Talvistu; Terviseameti T\u00f6\u00f6tervishoiu b\u00fcroo juhataja Mari J\u00e4rvelaid; t\u00f6\u00f6ps\u00fchholoog Elen Pikknurm, TT\u00dc T\u00f6\u00f6stusps\u00fchholoogia instituudi MSc Liina Randmann; ABB\u00a0 Elektrimasinate tehas keskkonna- ja t\u00f6\u00f6ohutusspetsialist Marju Pe\u00e4rnberg; Saku \u00d5lletehase personalidirektor Ave Kala; INNOVE struktuuritoetuste \u00fcksuse t\u00f6\u00f6elu keskuse juhataja \u00dclle Luide; MAQS Law Firm advokaat\u00a0Katrin Sarap; Tallinna Tehnikak\u00f5rgkooli transporditeaduskonna dekaan, T\u00f6\u00f6inspektsiooni peadirektor aastatel 2000-2006, Priit Siitan jt.<\/p>\n<p><strong>Teabep\u00e4eva kava:<\/strong><\/p>\n<p>09.30-10.00\u00a0\u00a0\u00a0 Registreerumine ja hommikukohv.<br \/>\n10.00-10.05\u00a0\u00a0\u00a0 Teabep\u00e4eva avas\u00f5nad Andres Kraas, T\u00f6\u00f6inspektsioon.<br \/>\n10.05-10.15\u00a0\u00a0 \u00a0Hommikune virgutus iidse Hiina meditsiini abil. Rene B\u00fcrkland, Dao Hiina meditsiinikeskus.<br \/>\n10.15-10.30\u00a0\u00a0 \u00a0Katrin Sarap, MAQS Law Firm Advokaadib\u00fcroo O\u00dc; \u201eT\u00f6\u00f6tervishoiu ja t\u00f6\u00f6ohutuse seadus. T\u00f6\u00f6andja kohustused. Sanktsioonid.\u201c<br \/>\n10.30-11.00\u00a0\u00a0 \u00a0Priit Siitan, Tallinna Tehnikak\u00f5rgkooli transporditeaduskonna dekaan; \u201eT\u00f6\u00f6andja vastutus, n\u00e4ited rikkumistega kaasnenud juhtumite kohta\u201c.<br \/>\n11.00-11.30\u00a0\u00a0 \u00a0Mari J\u00e4rvelaid, Terviseameti T\u00f6\u00f6tervishoiu b\u00fcroo juhataja; \u201eMiks on kasulik ja otstarbekas v\u00f5tta mittemeditsiiniline t\u00f6\u00f6tervishoiuteenus Terviseametis registreeritud teenuse pakkujalt\u201c.<\/p>\n<p>11.30-11.45\u00a0\u00a0\u00a0 Kohvipaus<\/p>\n<p>11.45-12.15\u00a0\u00a0 \u00a0Liina Randmann MSc Ps\u00fchholoogia \u00f5ppetool, Tallinna Tehnika\u00fclikooli T\u00f6\u00f6stusps\u00fchholoogia instituut; \u201cT\u00f6\u00f6ps\u00fchholoogi roll asutuses\u201d.<br \/>\n12.15-12.45\u00a0\u00a0 \u00a0Elen Pikknurm, ESTE O\u00dc t\u00f6\u00f6ps\u00fchholoog; \u201cPs\u00fchhosotsiaalsed ohutegurid t\u00f6\u00f6kohal ja nende k\u00f5rvaldamise kasu t\u00f6\u00f6andjale \u201c.<br \/>\n12.45-13.05\u00a0\u00a0 \u00a0Marju Pe\u00e4rnberg, keskkonna- ja t\u00f6\u00f6ohutusspetsialist, ABB Elektrimasinate tehas; \u201eT\u00f6\u00f6kohas valitsevate ohutegurite k\u00f5rvaldamine. Kogemuslugu, millist kasu on ettev\u00f5te sellest saanud\u201c.<br \/>\n13.05-13.10\u00a0\u00a0 \u00a0Moderaator Andres Kraas, k\u00fcsimused\/vastused.<\/p>\n<p>13.10-14.00\u00a0\u00a0 \u00a0L\u00f5una<\/p>\n<p>14.00-14.05\u00a0\u00a0 \u00a0Moderaator Andres Kraas, sissejuhatus<br \/>\n14.05-14.30\u00a0\u00a0 \u00a0Sirje Talvistu, ESTE O\u00dc juhataja, ergonoomia ja t\u00f6\u00f6h\u00fcgieeni\u00a0 spetsialist; Uuringu \u201eRiskianal\u00fc\u00fcside l\u00e4biviimise ja ohutegurite hindamise hetkeolukord\u201d tulemused.<br \/>\n14.30-14.50\u00a0\u00a0 \u00a0Ave Kala, Saku \u00d5lletehas AS personalidirektor; \u201cPositiivne kogemus ettev\u00f5tte n\u00e4itel\u201d.<br \/>\n14.50-15.20\u00a0\u00a0 \u00a0Sirje Talvistu, ESTE O\u00dc juhataja, ergonoomia ja t\u00f6\u00f6h\u00fcgieeni spetsialist; \u201e Riskianal\u00fc\u00fcsi l\u00e4biviimine, ohutegurite hindamine. Kasu\u00a0 ettev\u00f5ttele\u201d.<br \/>\n15.20-15.35\u00a0\u00a0 \u00a0\u00dclle Luide, Innove struktuuritoetuste \u00fcksuse t\u00f6\u00f6elu keskuse juhataja; \u201eRiskianal\u00fc\u00fcsi l\u00e4biviimiseks toetuse taotlemise v\u00f5imalus meetmest \u201e T\u00f6\u00f6elu kvaliteedi parandamine\u201c.<br \/>\n15.35\u201316.00\u00a0\u00a0 \u00a0Moderaator Andres Kraas; ettekanne \u201eKogemused ja praktikad. P\u00e4eva kokkuv\u00f5te\u201c.<\/p>\n<p>Teabepe\u00e4v oli tasuta.<\/p>\n<p>ESTE t\u00e4nab k\u00f5iki esinejaid ja osalejaid, sest ilma teieta ei oleks see p\u00e4ev nii edukaks kujunenud. Kordaminekuid ning turvalist t\u00f6\u00f6keskkonda teile k\u00f5igile!<\/p>\n<p>Teaebep\u00e4eva ettekandeid saate ESTE kodulehelt alla laadida kuni 23.novembrini.<\/p>\n<p>Sirje Talvistu;\u00a0 <a href=\"https:\/\/este.ee\/wp-content\/uploads\/2012\/09\/Sirje-Talvistu_RISKIANAL\u00dc\u00dcS-JA-OHUTEGURID.pdf\">Sirje Talvistu_RISKIANAL\u00dc\u00dcS JA OHUTEGURID<\/a> \/<a href=\"https:\/\/este.ee\/wp-content\/uploads\/2012\/09\/Sirje-Talvistu_Riskianal\u00fc\u00fcsi-l\u00e4biviimine-ohutegurite-hindamine.pdf\">Sirje Talvistu_Riskianal\u00fc\u00fcsi l\u00e4biviimine, ohutegurite hindamine<\/a><br \/>\n<a href=\"https:\/\/este.ee\/wp-content\/uploads\/2012\/09\/Elen-Pikknurm_-psuhholoogilised-ohutegurid.pdf\">Elen Pikknurm_ psuhholoogilised ohutegurid<\/a><br \/>\n<a href=\"https:\/\/este.ee\/wp-content\/uploads\/2012\/09\/M-J\u00e4rvelaid-ettekanne-ESTE-teabepaeval.pdf\">M J\u00e4rvelaid ettekanne ESTE teabepaeval<\/a><br \/>\n<a href=\"https:\/\/este.ee\/wp-content\/uploads\/2012\/09\/Priit-Siitan_Tooandja-vastutus.pdf\">Priit Siitan_Tooandja vastutus<\/a><br \/>\n<a href=\"https:\/\/este.ee\/wp-content\/uploads\/2012\/09\/Liina-Randmann_T\u00f6\u00f6ps\u00fchholoogi-roll-ja-\u00fclesanded-organisatsioonis.pdf\">Liina Randmann_T\u00f6\u00f6ps\u00fchholoogi roll ja \u00fclesanded organisatsioonis<\/a><br \/>\n<a href=\"https:\/\/este.ee\/wp-content\/uploads\/2012\/09\/Marju-Pe\u00e4rnberg_T\u00f6\u00f6kohas-valitsevate-ohutegurite-k\u00f5rvaldamine_-ABB.pdf\">Marju Pe\u00e4rnberg_T\u00f6\u00f6kohas valitsevate ohutegurite k\u00f5rvaldamine_ ABB<\/a><br \/>\n<a href=\"https:\/\/este.ee\/wp-content\/uploads\/2012\/09\/Ave-Kala_Saku-riskianal\u00fc\u00fcsist_nov2012.pdf\">Ave Kala_Saku riskianal\u00fc\u00fcsist_nov2012<\/a><br \/>\n<a href=\"https:\/\/este.ee\/wp-content\/uploads\/2012\/09\/Ylle-Luide_INNOVE.pdf\">Ylle Luide_INNOVE<\/a><br \/>\n<a href=\"https:\/\/este.ee\/wp-content\/uploads\/2012\/09\/Katrin-Sarap-_Seadus.pdf\">Katrin Sarap _Seadus<\/a><\/p>\n<p><a href=\"https:\/\/este.ee\/wp-content\/uploads\/2012\/09\/A_Kraas_ESTE_teabep\u00e4ev.pdf\">A_Kraas_ESTE_teabep\u00e4ev<\/a><\/p>\n<p><a href=\"https:\/\/este.ee\/wp-content\/uploads\/2012\/09\/ESTE-teabelehtA4.pdf\" target=\"_blank\">Teabep\u00e4eva reklaamtr\u00fckis<\/a><\/p>\n<p><em>23. mai 2012 kuni 24. maini 2013, aitab O\u00dc-l ESTE\u00a0 t\u00f6\u00f6tervishoiu ja t\u00f6\u00f6ohutuse tagamise (t\u00f6\u00f6ps\u00fchholoogia, t\u00f6\u00f6ergonoomika) ja t\u00f6\u00f6koha terviseedenduse teemalisi teabep\u00e4evi l\u00e4bi viia Ettev\u00f5tluse Arendamise Sihtasutuse stardi- ja kasvutoetuse programm.<\/em><\/p>\n<p><a href=\"https:\/\/este.ee\/wp-content\/uploads\/2012\/09\/eas_yhevarviline_logo_sinine.jpg\"><img loading=\"lazy\" decoding=\"async\" class=\"alignright size-medium wp-image-473\" title=\"eas_yhevarviline_logo_sinine\" src=\"https:\/\/este.ee\/wp-content\/uploads\/2012\/09\/eas_yhevarviline_logo_sinine-300x137.jpg\" alt=\"\" width=\"228\" height=\"104\" srcset=\"https:\/\/este.ee\/wp-content\/uploads\/2012\/09\/eas_yhevarviline_logo_sinine-300x137.jpg 300w, https:\/\/este.ee\/wp-content\/uploads\/2012\/09\/eas_yhevarviline_logo_sinine-1024x469.jpg 1024w\" sizes=\"(max-width: 228px) 100vw, 228px\" \/><\/a><\/p>","protected":false},"excerpt":{"rendered":"<p>&#171;T\u00f6\u00f6keskkond kiidab tegijat!&#187; 14. november 2012 toimus t\u00f6\u00f6ohutuse, ergonoomia ja t\u00f6\u00f6ps\u00fchholoogia alane Teabep\u00e4ev juhtidele. ESTE Teabep\u00e4ev andis \u00fclevaate t\u00f6\u00f6ohutuse, ergonoomia ja t\u00f6\u00f6ps\u00fchholoogia valdkonnas nii seadusandlikust kui elluviivast j\u00f5ust ja\u00a0t\u00f6\u00f6keskkonna hetkeseisust Eestis.\u00a0 Toodi v\u00e4lja v\u00f5imalusi ning lahendusi ohutu ja tervisliku t\u00f6\u00f6keskkonna &hellip; <a href=\"https:\/\/este.ee\/ru\/teabepaev\/\">\u0427\u0438\u0442\u0430\u0442\u044c \u0434\u0430\u043b\u0435\u0435 <span class=\"meta-nav\">&rarr;<\/span><\/a><\/p>\n","protected":false},"author":2,"featured_media":0,"parent":0,"menu_order":0,"comment_status":"closed","ping_status":"closed","template":"","meta":{"inline_featured_image":false,"_monsterinsights_skip_tracking":false,"_monsterinsights_sitenote_active":false,"_monsterinsights_sitenote_note":"","_monsterinsights_sitenote_category":0,"footnotes":""},"_links":{"self":[{"href":"https:\/\/este.ee\/ru\/wp-json\/wp\/v2\/pages\/402"}],"collection":[{"href":"https:\/\/este.ee\/ru\/wp-json\/wp\/v2\/pages"}],"about":[{"href":"https:\/\/este.ee\/ru\/wp-json\/wp\/v2\/types\/page"}],"author":[{"embeddable":true,"href":"https:\/\/este.ee\/ru\/wp-json\/wp\/v2\/users\/2"}],"replies":[{"embeddable":true,"href":"https:\/\/este.ee\/ru\/wp-json\/wp\/v2\/comments?post=402"}],"version-history":[{"count":65,"href":"https:\/\/este.ee\/ru\/wp-json\/wp\/v2\/pages\/402\/revisions"}],"predecessor-version":[{"id":428,"href":"https:\/\/este.ee\/ru\/wp-json\/wp\/v2\/pages\/402\/revisions\/428"}],"wp:attachment":[{"href":"https:\/\/este.ee\/ru\/wp-json\/wp\/v2\/media?parent=402"}],"curies":[{"name":"wp","href":"https:\/\/api.w.org\/{rel}","templated":true}]}}