{"id":2,"date":"2011-10-12T13:19:10","date_gmt":"2011-10-12T13:19:10","guid":{"rendered":"http:\/\/este.ee\/wp\/?page_id=2"},"modified":"2012-09-12T17:10:08","modified_gmt":"2012-09-12T17:10:08","slug":"koolituskeskus-2","status":"publish","type":"page","link":"https:\/\/este.ee\/ru\/koolituskeskus-2\/","title":{"rendered":"ESTE Koolituskeskus"},"content":{"rendered":"<p>ESTE O\u00dc Koolituskeskus pakub mitmek\u00fclgseid enesearendamise v\u00f5imalusi t\u00e4iskasvanutele <strong>(<em>t\u00f6\u00f6andjatele ja t\u00f6\u00f6tajatele)<\/em><\/strong>. \u00a0Pakume koolitusi nii avalike koolitusp\u00e4evadena, individuaalkoolitustena, \u00a0kui ka asutuse siseseid koolitusi ning seda k\u00f5ike \u00fcle Eestimaa.<\/p>\n<p>ESTE O\u00dc on registreeritud Terviseametis t\u00f6\u00f6tervishoiuteenuse osutamiseks <strong><em>t\u00f6\u00f6ps\u00fchholoogia ja t\u00f6\u00f6h\u00fcgieeni<\/em><\/strong> valdkonnas (<a href=\"https:\/\/este.ee\/wp-content\/uploads\/2011\/11\/Tervisekaitse-reg.-toend.jpg\" target=\"_blank\">registreerimistunnistus nr 0027<\/a>) ning <strong><em>ergonoomika<\/em><\/strong> valdkonnas (<a href=\"https:\/\/este.ee\/wp-content\/uploads\/2011\/10\/0031.jpg\" target=\"_blank\"><span style=\"text-decoration: underline;\">registreerimistunnistus nr 0031<\/span><\/a>)<\/p>\n<p>ESTE O\u00dc Koolituskeskusele on v\u00e4ljastatud Haridus- ja Teadusministeeriumi <a href=\"https:\/\/este.ee\/wp-content\/uploads\/2011\/11\/Koolitusluba.jpg\" target=\"_blank\">koolitusluba nr 6343HTM.<\/a><\/p>\n<p>ESTE O\u00dc Koolituskeskuse jaoks on oluline:<\/p>\n<ul>\n<li>praktiline v\u00e4\u00e4rtus ja tulemustele orienteeritus<\/li>\n<li>kogemuste ja teadmiste jagamine<\/li>\n<li>kaasahaaravad koolitused, selleks et muuta \u00f5ppimine meeldej\u00e4\u00e4vaks ning huvitavaks.<\/li>\n<\/ul>\n<p>ESTE Koolituskeskuse lektorid kasutavad erinevaid aktiiv\u00f5ppe meetodeid (r\u00fchmat\u00f6\u00f6, rollim\u00e4ngud, videoanal\u00fc\u00fcs, arutelud ja palju muud taolist).<\/p>\n<p>K\u00f5ik meie lektorid on oma ala p\u00f5hjalikud asjatundjad. \u00d5ppet\u00f6\u00f6s kaasame ka suurte kogemustega valdkondade spetsialiste-praktikuid.<\/p>\n<p>\u00d5ppematerjalide autorid on kasutanud \u00f5ppematerjali kokkupanekul lihtsustatud tekstimaterjali, mis peaks v\u00e4ltima keerukuse ja mittem\u00f5istmise.<\/p>\n<p><a href=\"https:\/\/este.ee\/tagasiside-vorm\/\"><strong>Kohtumiseni koolitusel!<\/strong><\/a><\/p>\n","protected":false},"excerpt":{"rendered":"<p>ESTE O\u00dc Koolituskeskus pakub mitmek\u00fclgseid enesearendamise v\u00f5imalusi t\u00e4iskasvanutele (t\u00f6\u00f6andjatele ja t\u00f6\u00f6tajatele). \u00a0Pakume koolitusi nii avalike koolitusp\u00e4evadena, individuaalkoolitustena, \u00a0kui ka asutuse siseseid koolitusi ning seda k\u00f5ike \u00fcle Eestimaa. ESTE O\u00dc on registreeritud Terviseametis t\u00f6\u00f6tervishoiuteenuse osutamiseks t\u00f6\u00f6ps\u00fchholoogia ja t\u00f6\u00f6h\u00fcgieeni valdkonnas (registreerimistunnistus nr &hellip; <a href=\"https:\/\/este.ee\/ru\/koolituskeskus-2\/\">\u0427\u0438\u0442\u0430\u0442\u044c \u0434\u0430\u043b\u0435\u0435 <span class=\"meta-nav\">&rarr;<\/span><\/a><\/p>\n","protected":false},"author":1,"featured_media":0,"parent":0,"menu_order":0,"comment_status":"closed","ping_status":"closed","template":"","meta":{"inline_featured_image":false,"_monsterinsights_skip_tracking":false,"_monsterinsights_sitenote_active":false,"_monsterinsights_sitenote_note":"","_monsterinsights_sitenote_category":0,"footnotes":""},"_links":{"self":[{"href":"https:\/\/este.ee\/ru\/wp-json\/wp\/v2\/pages\/2"}],"collection":[{"href":"https:\/\/este.ee\/ru\/wp-json\/wp\/v2\/pages"}],"about":[{"href":"https:\/\/este.ee\/ru\/wp-json\/wp\/v2\/types\/page"}],"author":[{"embeddable":true,"href":"https:\/\/este.ee\/ru\/wp-json\/wp\/v2\/users\/1"}],"replies":[{"embeddable":true,"href":"https:\/\/este.ee\/ru\/wp-json\/wp\/v2\/comments?post=2"}],"version-history":[{"count":12,"href":"https:\/\/este.ee\/ru\/wp-json\/wp\/v2\/pages\/2\/revisions"}],"predecessor-version":[{"id":45,"href":"https:\/\/este.ee\/ru\/wp-json\/wp\/v2\/pages\/2\/revisions\/45"}],"wp:attachment":[{"href":"https:\/\/este.ee\/ru\/wp-json\/wp\/v2\/media?parent=2"}],"curies":[{"name":"wp","href":"https:\/\/api.w.org\/{rel}","templated":true}]}}