{"id":118,"date":"2011-11-08T21:20:56","date_gmt":"2011-11-08T21:20:56","guid":{"rendered":"http:\/\/este.ee\/wp\/?page_id=118"},"modified":"2014-04-07T16:54:40","modified_gmt":"2014-04-07T16:54:40","slug":"koostoopartnerid","status":"publish","type":"page","link":"https:\/\/este.ee\/ru\/koostoopartnerid\/","title":{"rendered":"\u041f\u0410\u0420\u0422\u041d\u0415\u0420\u042b"},"content":{"rendered":"<p><strong>\u041d\u0430\u0448\u0438 \u043f\u0430\u0440\u0442\u043d\u0435\u0440\u044b:<\/strong><\/p>\n<ul>\n<li>\u041c\u0438\u043d\u0438\u0441\u0442\u0435\u0440\u0441\u0442\u0432\u043e \u0441\u043e\u0446\u0438\u0430\u043b\u044c\u043d\u044b\u0445 \u0434\u0435\u043b<\/li>\n<li>\u0414\u0435\u043f\u0430\u0440\u0442\u0430\u043c\u0435\u043d\u0442 \u0441\u043e\u0446\u0438\u0430\u043b\u044c\u043d\u043e\u0433\u043e \u0441\u0442\u0440\u0430\u0445\u043e\u0432\u0430\u043d\u0438\u044f<\/li>\n<li>\u0414\u0435\u043f\u0430\u0440\u0442\u0430\u043c\u0435\u043d\u0442 \u0437\u0434\u043e\u0440\u043e\u0432\u044c\u044f<\/li>\n<li>\u0418\u043d\u0441\u0442\u0438\u0442\u0443\u0442 \u0440\u0430\u0437\u0432\u0438\u0442\u0438\u044f \u0437\u0434\u043e\u0440\u043e\u0432\u044c\u044f<\/li>\n<li>\u0422\u0440\u0443\u0434\u043e\u0432\u0430\u044f \u0438\u043d\u0441\u043f\u0435\u043a\u0446\u0438\u044f<\/li>\n<li>\u0422\u0430\u043b\u043b\u0438\u043d\u043d\u0441\u043a\u0438\u0439 \u0442\u0435\u0445\u043d\u0438\u0447\u0435\u0441\u043a\u0438\u0439 \u0443\u043d\u0438\u0432\u0435\u0440\u0441\u0438\u0442\u0435\u0442<\/li>\n<li>\u042d\u0441\u0442\u043e\u043d\u0441\u043a\u0430\u044f \u043a\u0430\u0441\u0441\u0430 \u043f\u043e \u0431\u0435\u0437\u0440\u0430\u0431\u043e\u0442\u0438\u0446\u0435<\/li>\n<li>\u041e\u0442\u0434\u0435\u043b \u0441\u043e\u0446\u0438\u0430\u043b\u044c\u043d\u043e\u0439 \u043f\u043e\u043c\u043e\u0449\u0438 \u0422\u0430\u0440\u0442\u0443\u0441\u043a\u043e\u0439 \u0433\u043e\u0440\u043e\u0434\u0441\u043a\u043e\u0439 \u0443\u043f\u0440\u0430\u0432\u044b<\/li>\n<li>\u0422\u0430\u043b\u043b\u0438\u043d\u043d\u0441\u043a\u0438\u0439 \u0434\u0435\u043f\u0430\u0440\u0442\u0430\u043c\u0435\u043d\u0442 \u043f\u0440\u0435\u0434\u043f\u0440\u0438\u043d\u0438\u043c\u0430\u0442\u0435\u043b\u044c\u0441\u0442\u0432\u0430<\/li>\n<li>T\u00f6\u00f6keskkonna Uuringud O\u00dc<\/li>\n<li>Seiregrupp O\u00dc<\/li>\n<li>Innove<\/li>\n<\/ul>\n<p><\/p>","protected":false},"excerpt":{"rendered":"<p>\u041d\u0430\u0448\u0438 \u043f\u0430\u0440\u0442\u043d\u0435\u0440\u044b: \u041c\u0438\u043d\u0438\u0441\u0442\u0435\u0440\u0441\u0442\u0432\u043e \u0441\u043e\u0446\u0438\u0430\u043b\u044c\u043d\u044b\u0445 \u0434\u0435\u043b \u0414\u0435\u043f\u0430\u0440\u0442\u0430\u043c\u0435\u043d\u0442 \u0441\u043e\u0446\u0438\u0430\u043b\u044c\u043d\u043e\u0433\u043e \u0441\u0442\u0440\u0430\u0445\u043e\u0432\u0430\u043d\u0438\u044f \u0414\u0435\u043f\u0430\u0440\u0442\u0430\u043c\u0435\u043d\u0442 \u0437\u0434\u043e\u0440\u043e\u0432\u044c\u044f \u0418\u043d\u0441\u0442\u0438\u0442\u0443\u0442 \u0440\u0430\u0437\u0432\u0438\u0442\u0438\u044f \u0437\u0434\u043e\u0440\u043e\u0432\u044c\u044f \u0422\u0440\u0443\u0434\u043e\u0432\u0430\u044f \u0438\u043d\u0441\u043f\u0435\u043a\u0446\u0438\u044f \u0422\u0430\u043b\u043b\u0438\u043d\u043d\u0441\u043a\u0438\u0439 \u0442\u0435\u0445\u043d\u0438\u0447\u0435\u0441\u043a\u0438\u0439 \u0443\u043d\u0438\u0432\u0435\u0440\u0441\u0438\u0442\u0435\u0442 \u042d\u0441\u0442\u043e\u043d\u0441\u043a\u0430\u044f \u043a\u0430\u0441\u0441\u0430 \u043f\u043e \u0431\u0435\u0437\u0440\u0430\u0431\u043e\u0442\u0438\u0446\u0435 \u041e\u0442\u0434\u0435\u043b \u0441\u043e\u0446\u0438\u0430\u043b\u044c\u043d\u043e\u0439 \u043f\u043e\u043c\u043e\u0449\u0438 \u0422\u0430\u0440\u0442\u0443\u0441\u043a\u043e\u0439 \u0433\u043e\u0440\u043e\u0434\u0441\u043a\u043e\u0439 \u0443\u043f\u0440\u0430\u0432\u044b \u0422\u0430\u043b\u043b\u0438\u043d\u043d\u0441\u043a\u0438\u0439 \u0434\u0435\u043f\u0430\u0440\u0442\u0430\u043c\u0435\u043d\u0442 \u043f\u0440\u0435\u0434\u043f\u0440\u0438\u043d\u0438\u043c\u0430\u0442\u0435\u043b\u044c\u0441\u0442\u0432\u0430 T\u00f6\u00f6keskkonna Uuringud O\u00dc Seiregrupp O\u00dc Innove<\/p>\n","protected":false},"author":2,"featured_media":0,"parent":0,"menu_order":0,"comment_status":"closed","ping_status":"closed","template":"","meta":{"inline_featured_image":false,"_monsterinsights_skip_tracking":false,"_monsterinsights_sitenote_active":false,"_monsterinsights_sitenote_note":"","_monsterinsights_sitenote_category":0,"footnotes":""},"_links":{"self":[{"href":"https:\/\/este.ee\/ru\/wp-json\/wp\/v2\/pages\/118"}],"collection":[{"href":"https:\/\/este.ee\/ru\/wp-json\/wp\/v2\/pages"}],"about":[{"href":"https:\/\/este.ee\/ru\/wp-json\/wp\/v2\/types\/page"}],"author":[{"embeddable":true,"href":"https:\/\/este.ee\/ru\/wp-json\/wp\/v2\/users\/2"}],"replies":[{"embeddable":true,"href":"https:\/\/este.ee\/ru\/wp-json\/wp\/v2\/comments?post=118"}],"version-history":[{"count":16,"href":"https:\/\/este.ee\/ru\/wp-json\/wp\/v2\/pages\/118\/revisions"}],"predecessor-version":[{"id":120,"href":"https:\/\/este.ee\/ru\/wp-json\/wp\/v2\/pages\/118\/revisions\/120"}],"wp:attachment":[{"href":"https:\/\/este.ee\/ru\/wp-json\/wp\/v2\/media?parent=118"}],"curies":[{"name":"wp","href":"https:\/\/api.w.org\/{rel}","templated":true}]}}